{"id":10087,"date":"2024-01-10T15:26:09","date_gmt":"2024-01-10T18:26:09","guid":{"rendered":"https:\/\/xanxere.cdl-sc.org.br\/?page_id=10087"},"modified":"2024-08-16T17:17:30","modified_gmt":"2024-08-16T20:17:30","slug":"ex-presidentes","status":"publish","type":"page","link":"https:\/\/xanxere.cdl-sc.org.br\/?page_id=10087","title":{"rendered":"Galeria Ex-Presidentes"},"content":{"rendered":"\t\t<div data-elementor-type=\"wp-page\" data-elementor-id=\"10087\" class=\"elementor elementor-10087\" data-elementor-post-type=\"page\">\n\t\t\t\t<div class=\"elementor-element elementor-element-f839e55 e-flex e-con-boxed e-con e-parent\" data-id=\"f839e55\" data-element_type=\"container\" data-settings=\"{&quot;background_background&quot;:&quot;gradient&quot;}\">\n\t\t\t\t\t<div class=\"e-con-inner\">\n\t\t\t\t<div class=\"elementor-element elementor-element-60a9dea elementor-widget elementor-widget-heading\" data-id=\"60a9dea\" data-element_type=\"widget\" data-widget_type=\"heading.default\">\n\t\t\t\t<div class=\"elementor-widget-container\">\n\t\t\t<style>\/*! elementor - v3.23.0 - 05-08-2024 *\/\n.elementor-heading-title{padding:0;margin:0;line-height:1}.elementor-widget-heading .elementor-heading-title[class*=elementor-size-]>a{color:inherit;font-size:inherit;line-height:inherit}.elementor-widget-heading .elementor-heading-title.elementor-size-small{font-size:15px}.elementor-widget-heading .elementor-heading-title.elementor-size-medium{font-size:19px}.elementor-widget-heading .elementor-heading-title.elementor-size-large{font-size:29px}.elementor-widget-heading .elementor-heading-title.elementor-size-xl{font-size:39px}.elementor-widget-heading .elementor-heading-title.elementor-size-xxl{font-size:59px}<\/style><h2 class=\"elementor-heading-title elementor-size-default\">Ex-Presidentes<\/h2>\t\t<\/div>\n\t\t\t\t<\/div>\n\t\t\t\t\t<\/div>\n\t\t\t\t<\/div>\n\t\t<div class=\"elementor-element elementor-element-36add1b e-flex e-con-boxed e-con e-parent\" data-id=\"36add1b\" data-element_type=\"container\">\n\t\t\t\t\t<div class=\"e-con-inner\">\n\t\t\t\t<div class=\"elementor-element elementor-element-ce4b8d7 elementor-widget__width-inherit elementor-widget elementor-widget-text-editor\" data-id=\"ce4b8d7\" data-element_type=\"widget\" data-widget_type=\"text-editor.default\">\n\t\t\t\t<div class=\"elementor-widget-container\">\n\t\t\t<style>\/*! elementor - v3.23.0 - 05-08-2024 *\/\n.elementor-widget-text-editor.elementor-drop-cap-view-stacked .elementor-drop-cap{background-color:#69727d;color:#fff}.elementor-widget-text-editor.elementor-drop-cap-view-framed .elementor-drop-cap{color:#69727d;border:3px solid;background-color:transparent}.elementor-widget-text-editor:not(.elementor-drop-cap-view-default) .elementor-drop-cap{margin-top:8px}.elementor-widget-text-editor:not(.elementor-drop-cap-view-default) .elementor-drop-cap-letter{width:1em;height:1em}.elementor-widget-text-editor .elementor-drop-cap{float:left;text-align:center;line-height:1;font-size:50px}.elementor-widget-text-editor .elementor-drop-cap-letter{display:inline-block}<\/style>\t\t\t\t<p>Conhe\u00e7a as lideran\u00e7as que fazem parte da nossa hist\u00f3ria\u00a0<\/p>\t\t\t\t\t\t<\/div>\n\t\t\t\t<\/div>\n\t\t\t\t\t<\/div>\n\t\t\t\t<\/div>\n\t\t<div class=\"elementor-element elementor-element-7aa8f2f e-flex e-con-boxed e-con e-parent\" data-id=\"7aa8f2f\" data-element_type=\"container\">\n\t\t\t\t\t<div class=\"e-con-inner\">\n\t\t\t\t<div class=\"elementor-element elementor-element-4c65045 elementor-widget elementor-widget-jet-listing-grid\" data-id=\"4c65045\" data-element_type=\"widget\" id=\"presidentesid\" data-settings=\"{&quot;columns&quot;:3,&quot;columns_tablet&quot;:&quot;2&quot;,&quot;columns_mobile&quot;:&quot;1&quot;}\" data-widget_type=\"jet-listing-grid.default\">\n\t\t\t\t<div class=\"elementor-widget-container\">\n\t\t\t<div class=\"jet-listing-grid jet-listing\"><div class=\"jet-listing-not-found jet-listing-grid__items\" data-nav=\"{&quot;enabled&quot;:false,&quot;type&quot;:null,&quot;more_el&quot;:null,&quot;query&quot;:[],&quot;widget_settings&quot;:{&quot;lisitng_id&quot;:9850,&quot;posts_num&quot;:6,&quot;columns&quot;:3,&quot;columns_tablet&quot;:2,&quot;columns_mobile&quot;:1,&quot;is_archive_template&quot;:&quot;&quot;,&quot;post_status&quot;:[&quot;publish&quot;],&quot;use_random_posts_num&quot;:&quot;&quot;,&quot;max_posts_num&quot;:9,&quot;not_found_message&quot;:&quot;No data was found&quot;,&quot;is_masonry&quot;:false,&quot;equal_columns_height&quot;:&quot;&quot;,&quot;use_load_more&quot;:&quot;&quot;,&quot;load_more_id&quot;:&quot;&quot;,&quot;load_more_type&quot;:&quot;click&quot;,&quot;load_more_offset&quot;:{&quot;unit&quot;:&quot;px&quot;,&quot;size&quot;:0,&quot;sizes&quot;:[]},&quot;use_custom_post_types&quot;:&quot;&quot;,&quot;custom_post_types&quot;:[],&quot;hide_widget_if&quot;:&quot;&quot;,&quot;carousel_enabled&quot;:&quot;&quot;,&quot;slides_to_scroll&quot;:&quot;1&quot;,&quot;arrows&quot;:&quot;true&quot;,&quot;arrow_icon&quot;:&quot;fa fa-angle-left&quot;,&quot;dots&quot;:&quot;&quot;,&quot;autoplay&quot;:&quot;true&quot;,&quot;pause_on_hover&quot;:&quot;true&quot;,&quot;autoplay_speed&quot;:5000,&quot;infinite&quot;:&quot;true&quot;,&quot;center_mode&quot;:&quot;&quot;,&quot;effect&quot;:&quot;slide&quot;,&quot;speed&quot;:500,&quot;inject_alternative_items&quot;:&quot;&quot;,&quot;injection_items&quot;:[],&quot;scroll_slider_enabled&quot;:&quot;&quot;,&quot;scroll_slider_on&quot;:[&quot;desktop&quot;,&quot;tablet&quot;,&quot;mobile&quot;],&quot;custom_query&quot;:false,&quot;custom_query_id&quot;:&quot;&quot;,&quot;_element_id&quot;:&quot;presidentesid&quot;}}\" data-queried-id=\"10087|WP_Post\">No data was found<\/div><\/div>\t\t<\/div>\n\t\t\t\t<\/div>\n\t\t\t\t<div class=\"elementor-element elementor-element-07ed386 elementor-widget elementor-widget-jet-smart-filters-pagination\" data-id=\"07ed386\" data-element_type=\"widget\" data-widget_type=\"jet-smart-filters-pagination.default\">\n\t\t\t\t<div class=\"elementor-widget-container\">\n\t\t\t<div\n\t\t\t\tclass=\"jet-smart-filters-pagination jet-filter\"\n\t\t\t\tdata-apply-provider=\"jet-engine\"\n\t\t\t\tdata-content-provider=\"jet-engine\"\n\t\t\t\tdata-query-id=\"presidentesid\"\n\t\t\t\tdata-controls=\"{&quot;items_enabled&quot;:true,&quot;pages_mid_size&quot;:0,&quot;pages_end_size&quot;:0,&quot;nav_enabled&quot;:false,&quot;load_more_enabled&quot;:false,&quot;provider_top_offset&quot;:0}\"\n\t\t\t\tdata-apply-type=\"ajax\"\n\t\t\t><\/div>\t\t<\/div>\n\t\t\t\t<\/div>\n\t\t\t\t\t<\/div>\n\t\t\t\t<\/div>\n\t\t\t\t<\/div>\n\t\t","protected":false},"excerpt":{"rendered":"<p>Ex-Presidentes Conhe\u00e7a as lideran\u00e7as que fazem parte da nossa hist\u00f3ria\u00a0<\/p>\n","protected":false},"author":280,"featured_media":0,"parent":0,"menu_order":0,"comment_status":"closed","ping_status":"closed","template":"","meta":{"_joinchat":[],"footnotes":""},"class_list":["post-10087","page","type-page","status-publish","hentry"],"acf":[],"_links":{"self":[{"href":"https:\/\/xanxere.cdl-sc.org.br\/index.php?rest_route=\/wp\/v2\/pages\/10087","targetHints":{"allow":["GET"]}}],"collection":[{"href":"https:\/\/xanxere.cdl-sc.org.br\/index.php?rest_route=\/wp\/v2\/pages"}],"about":[{"href":"https:\/\/xanxere.cdl-sc.org.br\/index.php?rest_route=\/wp\/v2\/types\/page"}],"author":[{"embeddable":true,"href":"https:\/\/xanxere.cdl-sc.org.br\/index.php?rest_route=\/wp\/v2\/users\/280"}],"replies":[{"embeddable":true,"href":"https:\/\/xanxere.cdl-sc.org.br\/index.php?rest_route=%2Fwp%2Fv2%2Fcomments&post=10087"}],"version-history":[{"count":32,"href":"https:\/\/xanxere.cdl-sc.org.br\/index.php?rest_route=\/wp\/v2\/pages\/10087\/revisions"}],"predecessor-version":[{"id":153797,"href":"https:\/\/xanxere.cdl-sc.org.br\/index.php?rest_route=\/wp\/v2\/pages\/10087\/revisions\/153797"}],"wp:attachment":[{"href":"https:\/\/xanxere.cdl-sc.org.br\/index.php?rest_route=%2Fwp%2Fv2%2Fmedia&parent=10087"}],"curies":[{"name":"wp","href":"https:\/\/api.w.org\/{rel}","templated":true}]}}