{"id":432,"date":"2023-11-22T08:55:10","date_gmt":"2023-11-22T11:55:10","guid":{"rendered":"https:\/\/xanxere.cdl-sc.org.br\/?page_id=432"},"modified":"2024-11-04T10:17:38","modified_gmt":"2024-11-04T13:17:38","slug":"camaras-setoriais","status":"publish","type":"page","link":"https:\/\/xanxere.cdl-sc.org.br\/?page_id=432","title":{"rendered":"C\u00e2maras Setoriais"},"content":{"rendered":"\t\t<div data-elementor-type=\"wp-page\" data-elementor-id=\"432\" class=\"elementor elementor-432\" data-elementor-post-type=\"page\">\n\t\t\t\t<div class=\"elementor-element elementor-element-72e631a e-flex e-con-boxed e-con e-parent\" data-id=\"72e631a\" data-element_type=\"container\" data-settings=\"{&quot;background_background&quot;:&quot;gradient&quot;}\">\n\t\t\t\t\t<div class=\"e-con-inner\">\n\t\t\t\t<div class=\"elementor-element elementor-element-5017c72 elementor-widget elementor-widget-heading\" data-id=\"5017c72\" data-element_type=\"widget\" data-widget_type=\"heading.default\">\n\t\t\t\t<div class=\"elementor-widget-container\">\n\t\t\t<style>\/*! elementor - v3.23.0 - 05-08-2024 *\/\n.elementor-heading-title{padding:0;margin:0;line-height:1}.elementor-widget-heading .elementor-heading-title[class*=elementor-size-]>a{color:inherit;font-size:inherit;line-height:inherit}.elementor-widget-heading .elementor-heading-title.elementor-size-small{font-size:15px}.elementor-widget-heading .elementor-heading-title.elementor-size-medium{font-size:19px}.elementor-widget-heading .elementor-heading-title.elementor-size-large{font-size:29px}.elementor-widget-heading .elementor-heading-title.elementor-size-xl{font-size:39px}.elementor-widget-heading .elementor-heading-title.elementor-size-xxl{font-size:59px}<\/style><h2 class=\"elementor-heading-title elementor-size-default\">C\u00e2maras Setoriais<\/h2>\t\t<\/div>\n\t\t\t\t<\/div>\n\t\t\t\t\t<\/div>\n\t\t\t\t<\/div>\n\t\t<div class=\"elementor-element elementor-element-4ab08ec e-con-full e-flex e-con e-parent\" data-id=\"4ab08ec\" data-element_type=\"container\">\n\t\t\t\t<div class=\"elementor-element elementor-element-490d88f elementor-widget elementor-widget-image\" data-id=\"490d88f\" data-element_type=\"widget\" data-widget_type=\"image.default\">\n\t\t\t\t<div class=\"elementor-widget-container\">\n\t\t\t<style>\/*! elementor - v3.23.0 - 05-08-2024 *\/\n.elementor-widget-image{text-align:center}.elementor-widget-image a{display:inline-block}.elementor-widget-image a img[src$=\".svg\"]{width:48px}.elementor-widget-image img{vertical-align:middle;display:inline-block}<\/style>\t\t\t\t\t\t\t\t\t\t<img fetchpriority=\"high\" decoding=\"async\" width=\"2560\" height=\"1383\" src=\"https:\/\/xanxere.cdl-sc.org.br\/wp-content\/uploads\/2024\/11\/CAMARAS-SETORIAIS-business-people-using-laptop-at-meeting-in-office-2023-11-27-05-32-02-utc_2-scaled-1.jpg\" class=\"attachment-full size-full wp-image-154521\" alt=\"\" srcset=\"https:\/\/xanxere.cdl-sc.org.br\/wp-content\/uploads\/2024\/11\/CAMARAS-SETORIAIS-business-people-using-laptop-at-meeting-in-office-2023-11-27-05-32-02-utc_2-scaled-1.jpg 2560w, https:\/\/xanxere.cdl-sc.org.br\/wp-content\/uploads\/2024\/11\/CAMARAS-SETORIAIS-business-people-using-laptop-at-meeting-in-office-2023-11-27-05-32-02-utc_2-scaled-1-300x162.jpg 300w, https:\/\/xanxere.cdl-sc.org.br\/wp-content\/uploads\/2024\/11\/CAMARAS-SETORIAIS-business-people-using-laptop-at-meeting-in-office-2023-11-27-05-32-02-utc_2-scaled-1-1024x553.jpg 1024w, https:\/\/xanxere.cdl-sc.org.br\/wp-content\/uploads\/2024\/11\/CAMARAS-SETORIAIS-business-people-using-laptop-at-meeting-in-office-2023-11-27-05-32-02-utc_2-scaled-1-768x415.jpg 768w, https:\/\/xanxere.cdl-sc.org.br\/wp-content\/uploads\/2024\/11\/CAMARAS-SETORIAIS-business-people-using-laptop-at-meeting-in-office-2023-11-27-05-32-02-utc_2-scaled-1-1536x830.jpg 1536w, https:\/\/xanxere.cdl-sc.org.br\/wp-content\/uploads\/2024\/11\/CAMARAS-SETORIAIS-business-people-using-laptop-at-meeting-in-office-2023-11-27-05-32-02-utc_2-scaled-1-2048x1106.jpg 2048w\" sizes=\"(max-width: 2560px) 100vw, 2560px\" \/>\t\t\t\t\t\t\t\t\t\t\t\t\t<\/div>\n\t\t\t\t<\/div>\n\t\t\t\t<\/div>\n\t\t<div class=\"elementor-element elementor-element-dc708cf e-con-full e-flex e-con e-parent\" data-id=\"dc708cf\" data-element_type=\"container\">\n\t\t<div class=\"elementor-element elementor-element-de82e5d e-con-full e-flex e-con e-child\" data-id=\"de82e5d\" data-element_type=\"container\">\n\t\t\t\t<div class=\"elementor-element elementor-element-92a30b2 elementor-widget elementor-widget-image\" data-id=\"92a30b2\" data-element_type=\"widget\" data-widget_type=\"image.default\">\n\t\t\t\t<div class=\"elementor-widget-container\">\n\t\t\t\t\t\t\t\t\t\t\t\t\t<img decoding=\"async\" width=\"2500\" height=\"1667\" src=\"https:\/\/xanxere.cdl-sc.org.br\/wp-content\/uploads\/2024\/11\/shutterstock_2029043585.jpg\" class=\"attachment-full size-full wp-image-154522\" alt=\"\" srcset=\"https:\/\/xanxere.cdl-sc.org.br\/wp-content\/uploads\/2024\/11\/shutterstock_2029043585.jpg 2500w, https:\/\/xanxere.cdl-sc.org.br\/wp-content\/uploads\/2024\/11\/shutterstock_2029043585-300x200.jpg 300w, https:\/\/xanxere.cdl-sc.org.br\/wp-content\/uploads\/2024\/11\/shutterstock_2029043585-1024x683.jpg 1024w, https:\/\/xanxere.cdl-sc.org.br\/wp-content\/uploads\/2024\/11\/shutterstock_2029043585-768x512.jpg 768w, https:\/\/xanxere.cdl-sc.org.br\/wp-content\/uploads\/2024\/11\/shutterstock_2029043585-1536x1024.jpg 1536w, https:\/\/xanxere.cdl-sc.org.br\/wp-content\/uploads\/2024\/11\/shutterstock_2029043585-2048x1366.jpg 2048w\" sizes=\"(max-width: 2500px) 100vw, 2500px\" \/>\t\t\t\t\t\t\t\t\t\t\t\t\t<\/div>\n\t\t\t\t<\/div>\n\t\t\t\t<\/div>\n\t\t<div class=\"elementor-element elementor-element-64f3c25 e-con-full e-flex e-con e-child\" data-id=\"64f3c25\" data-element_type=\"container\">\n\t\t\t\t<div class=\"elementor-element elementor-element-124cf3c elementor-widget__width-initial elementor-widget elementor-widget-heading\" data-id=\"124cf3c\" data-element_type=\"widget\" data-widget_type=\"heading.default\">\n\t\t\t\t<div class=\"elementor-widget-container\">\n\t\t\t<h2 class=\"elementor-heading-title elementor-size-default\">As C\u00e2maras Setoriais (ou N\u00facleos) s\u00e3o \u00f3rg\u00e3os complementares das CDLs compostos por associados com interesses convergentes (regi\u00e3o, afinidade e segmento), dando-lhes condi\u00e7\u00f5es para que, no \u00e2mbito de suas aptid\u00f5es e necessidades comuns, realizem a\u00e7\u00f5es conjuntas e voltadas para o fortalecimento da atividade empresarial e o atendimento das necessidades que os unem. <\/h2>\t\t<\/div>\n\t\t\t\t<\/div>\n\t\t\t\t<div class=\"elementor-element elementor-element-f3ceaf0 elementor-absolute elementor-hidden-mobile elementor-hidden-tablet elementor-widget elementor-widget-image\" data-id=\"f3ceaf0\" data-element_type=\"widget\" data-settings=\"{&quot;_position&quot;:&quot;absolute&quot;}\" data-widget_type=\"image.default\">\n\t\t\t\t<div class=\"elementor-widget-container\">\n\t\t\t\t\t\t\t\t\t\t\t\t\t<img decoding=\"async\" width=\"433\" height=\"1024\" src=\"https:\/\/xanxere.cdl-sc.org.br\/wp-content\/uploads\/2024\/11\/Ativo-410@2x-1-433x1024.png\" class=\"attachment-large size-large wp-image-154508\" alt=\"\" srcset=\"https:\/\/xanxere.cdl-sc.org.br\/wp-content\/uploads\/2024\/11\/Ativo-410@2x-1-433x1024.png 433w, https:\/\/xanxere.cdl-sc.org.br\/wp-content\/uploads\/2024\/11\/Ativo-410@2x-1-127x300.png 127w, https:\/\/xanxere.cdl-sc.org.br\/wp-content\/uploads\/2024\/11\/Ativo-410@2x-1-768x1814.png 768w, https:\/\/xanxere.cdl-sc.org.br\/wp-content\/uploads\/2024\/11\/Ativo-410@2x-1-650x1536.png 650w, https:\/\/xanxere.cdl-sc.org.br\/wp-content\/uploads\/2024\/11\/Ativo-410@2x-1.png 853w\" sizes=\"(max-width: 433px) 100vw, 433px\" \/>\t\t\t\t\t\t\t\t\t\t\t\t\t<\/div>\n\t\t\t\t<\/div>\n\t\t\t\t<\/div>\n\t\t\t\t<\/div>\n\t\t<div class=\"elementor-element elementor-element-4e2086e e-flex e-con-boxed e-con e-parent\" data-id=\"4e2086e\" data-element_type=\"container\" data-settings=\"{&quot;background_background&quot;:&quot;gradient&quot;}\">\n\t\t\t\t\t<div class=\"e-con-inner\">\n\t\t<div class=\"elementor-element elementor-element-0fdadd1 e-con-full e-flex e-con e-child\" data-id=\"0fdadd1\" data-element_type=\"container\">\n\t\t\t\t<div class=\"elementor-element elementor-element-a96ecdd elementor-widget elementor-widget-google_maps\" data-id=\"a96ecdd\" data-element_type=\"widget\" data-widget_type=\"google_maps.default\">\n\t\t\t\t<div class=\"elementor-widget-container\">\n\t\t\t<style>\/*! elementor - v3.23.0 - 05-08-2024 *\/\n.elementor-widget-google_maps .elementor-widget-container{overflow:hidden}.elementor-widget-google_maps .elementor-custom-embed{line-height:0}.elementor-widget-google_maps iframe{height:300px}<\/style>\t\t<div class=\"elementor-custom-embed\">\n\t\t\t<iframe loading=\"lazy\"\n\t\t\t\t\tsrc=\"https:\/\/maps.google.com\/maps?q=ED%20TIRADENTES%20-%20SL%20504%20E%20205%205%20ANDAR%2C%20CENTRO%2C%20XANXER%C3%8A%20-%20SC&#038;t=m&#038;z=10&#038;output=embed&#038;iwloc=near\"\n\t\t\t\t\ttitle=\"ED TIRADENTES - SL 504 E 205 5 ANDAR, CENTRO, XANXER\u00ca - SC\"\n\t\t\t\t\taria-label=\"ED TIRADENTES - SL 504 E 205 5 ANDAR, CENTRO, XANXER\u00ca - SC\"\n\t\t\t><\/iframe>\n\t\t<\/div>\n\t\t\t\t<\/div>\n\t\t\t\t<\/div>\n\t\t\t\t<\/div>\n\t\t<div class=\"elementor-element elementor-element-c995cad e-con-full e-flex e-con e-child\" data-id=\"c995cad\" data-element_type=\"container\">\n\t\t\t\t<div class=\"elementor-element elementor-element-a332618 elementor-align-justify elementor-widget__width-initial elementor-widget elementor-widget-button\" data-id=\"a332618\" data-element_type=\"widget\" data-widget_type=\"button.default\">\n\t\t\t\t<div class=\"elementor-widget-container\">\n\t\t\t\t\t<div class=\"elementor-button-wrapper\">\n\t\t\t<a class=\"elementor-button elementor-button-link elementor-size-sm\" href=\"https:\/\/api.whatsapp.com\/send?phone=5548999400026\" target=\"_blank\">\n\t\t\t\t\t\t<span class=\"elementor-button-content-wrapper\">\n\t\t\t\t\t\t\t\t\t<span class=\"elementor-button-text\">Contato<\/span>\n\t\t\t\t\t<\/span>\n\t\t\t\t\t<\/a>\n\t\t<\/div>\n\t\t\t\t<\/div>\n\t\t\t\t<\/div>\n\t\t\t\t<div class=\"elementor-element elementor-element-ed65c50 elementor-widget__width-initial elementor-icon-list--layout-traditional elementor-list-item-link-full_width elementor-widget elementor-widget-icon-list\" data-id=\"ed65c50\" data-element_type=\"widget\" data-widget_type=\"icon-list.default\">\n\t\t\t\t<div class=\"elementor-widget-container\">\n\t\t\t<link rel=\"stylesheet\" href=\"https:\/\/xanxere.cdl-sc.org.br\/wp-content\/plugins\/elementor\/assets\/css\/widget-icon-list.min.css\">\t\t<ul class=\"elementor-icon-list-items\">\n\t\t\t\t\t\t\t<li class=\"elementor-icon-list-item\">\n\t\t\t\t\t\t\t\t\t\t\t<span class=\"elementor-icon-list-icon\">\n\t\t\t\t\t\t\t<svg xmlns=\"http:\/\/www.w3.org\/2000\/svg\" id=\"Camada_2\" data-name=\"Camada 2\" viewBox=\"0 0 18.66 20.64\"><defs><style>      .cls-1 {        fill: #fff;      }    <\/style><\/defs><g id=\"Camada_1-2\" data-name=\"Camada 1\"><g><g><path class=\"cls-1\" d=\"m9.33,18.67c-.11,0-.21-.05-.28-.13l-5.48-6.53c-1.1-1.32-1.71-2.99-1.71-4.7C1.85,3.28,5.14,0,9.17,0h.32c4.03,0,7.31,3.28,7.31,7.31,0,1.72-.61,3.39-1.71,4.7h0l-5.48,6.53c-.07.08-.17.13-.28.13Zm-.16-17.94C5.54.73,2.58,3.68,2.58,7.31c0,1.55.55,3.05,1.54,4.23l5.2,6.19,5.2-6.19c.99-1.18,1.54-2.69,1.54-4.23,0-3.63-2.95-6.58-6.58-6.58h-.32Zm5.64,11.05h0,0Z\"><\/path><path class=\"cls-1\" d=\"m9.33,11.73c-2.44,0-4.42-1.98-4.42-4.42s1.98-4.42,4.42-4.42,4.42,1.98,4.42,4.42-1.98,4.42-4.42,4.42Zm0-8.11c-2.03,0-3.69,1.66-3.69,3.69s1.66,3.69,3.69,3.69,3.69-1.66,3.69-3.69-1.66-3.69-3.69-3.69Z\"><\/path><\/g><path class=\"cls-1\" d=\"m18.29,20.64H.36c-.13,0-.25-.07-.31-.18-.07-.11-.07-.25-.01-.36l2.99-5.66c.06-.12.19-.19.32-.19h2.58c.2,0,.36.16.36.36s-.16.36-.36.36h-2.36l-2.6,4.93h16.72l-2.6-4.93h-2.3c-.2,0-.36-.16-.36-.36s.16-.36.36-.36h2.52c.14,0,.26.07.32.19l2.99,5.66c.06.11.06.25-.01.36-.07.11-.18.18-.31.18Z\"><\/path><\/g><\/g><\/svg>\t\t\t\t\t\t<\/span>\n\t\t\t\t\t\t\t\t\t\t<span class=\"elementor-icon-list-text\">Rua Almirante Alvim, 528 CEP 88015-380 - Centro Florian\u00f3polis\/SC<\/span>\n\t\t\t\t\t\t\t\t\t<\/li>\n\t\t\t\t\t\t\t\t<li class=\"elementor-icon-list-item\">\n\t\t\t\t\t\t\t\t\t\t\t<a href=\"https:\/\/api.whatsapp.com\/send?phone=5548999400026\" target=\"_blank\">\n\n\t\t\t\t\t\t\t\t\t\t\t\t<span class=\"elementor-icon-list-icon\">\n\t\t\t\t\t\t\t<svg xmlns=\"http:\/\/www.w3.org\/2000\/svg\" id=\"Camada_2\" data-name=\"Camada 2\" viewBox=\"0 0 20.67 20.66\"><defs><style>      .cls-1 {        fill: #fff;      }    <\/style><\/defs><g id=\"Camada_1-2\" data-name=\"Camada 1\"><path class=\"cls-1\" d=\"m15.7,20.66c-.29,0-.73-.05-1.35-.14-.62-.1-1.39-.33-2.28-.7-.88-.37-1.89-.92-3.01-1.65-1.11-.73-2.31-1.74-3.56-3-.99-.98-1.83-1.93-2.48-2.83-.65-.9-1.19-1.74-1.59-2.51-.4-.77-.71-1.47-.91-2.11-.2-.63-.34-1.18-.41-1.64-.08-.47-.1-.84-.09-1.12.01-.24.02-.37.02-.4,0-.02,0-.03,0-.05.03-.23.11-.47.22-.71.12-.24.27-.45.44-.61L3.49.4c.27-.27.58-.4.93-.4.26,0,.5.08.71.23.17.13.32.29.45.49,0,0,.01.02.01.03l2.26,4.29c.17.29.21.63.14.98-.07.34-.22.63-.46.86l-1.02,1.02s0,0,0,.01c0,.01,0,.02,0,.03.05.25.17.54.33.86.16.32.41.72.75,1.19.34.47.83,1.02,1.46,1.63.62.64,1.17,1.13,1.65,1.48.48.35.88.6,1.19.76.37.19.57.25.67.27l.19.04s.01,0,.02,0c0,0,0,0,.01,0l1.18-1.2s.01-.01.02-.02c.32-.28.7-.43,1.13-.43.28,0,.51.05.7.14.03,0,.06.02.08.03l4.07,2.41c.39.24.62.56.7.94,0,0,0,.02,0,.02.06.43-.08.83-.4,1.15l-2.81,2.79c-.14.16-.35.31-.59.43-.24.11-.47.19-.71.22-.02,0-.03,0-.05,0,0,0-.04,0-.09,0-.08,0-.19.01-.31.01ZM.75,4.6c0,.06,0,.2-.02.41-.01.23.01.55.08.97.07.42.2.94.39,1.53.19.59.48,1.26.86,1.99.38.73.9,1.55,1.53,2.41.63.87,1.44,1.79,2.41,2.74,1.22,1.23,2.38,2.21,3.45,2.91,1.07.7,2.04,1.23,2.89,1.58.84.35,1.55.57,2.11.65.58.09.99.13,1.24.13.1,0,.18,0,.24,0,.05,0,.09,0,.12-.01.16-.02.32-.08.48-.16.16-.08.29-.17.38-.27l2.82-2.8c.15-.15.22-.32.19-.53-.03-.11-.09-.28-.36-.45l-4.02-2.37s-.05-.02-.07-.03c-.06-.03-.17-.07-.38-.07-.24,0-.45.08-.64.24l-1.19,1.22c-.07.07-.16.12-.28.16-.15.05-.23.06-.33.04l-.26-.05c-.21-.04-.49-.15-.85-.34-.35-.18-.77-.45-1.28-.82-.51-.37-1.09-.89-1.74-1.55-.65-.64-1.17-1.22-1.53-1.72-.36-.5-.64-.93-.81-1.29-.21-.4-.35-.78-.41-1.11,0-.02,0-.05,0-.07,0-.08.02-.17.05-.27.04-.12.09-.21.16-.28l1.03-1.03c.13-.13.22-.29.26-.49.04-.18.02-.34-.07-.49L4.95,1.1c-.07-.11-.16-.21-.26-.28-.08-.06-.16-.09-.27-.09-.16,0-.29.06-.42.19L1.2,3.73c-.12.11-.21.24-.29.4-.08.16-.13.32-.16.48Zm5.74,3.31h0s0,0,0,0h0Z\"><\/path><\/g><\/svg>\t\t\t\t\t\t<\/span>\n\t\t\t\t\t\t\t\t\t\t<span class=\"elementor-icon-list-text\">(49) 3433-1471<\/span>\n\t\t\t\t\t\t\t\t\t\t\t<\/a>\n\t\t\t\t\t\t\t\t\t<\/li>\n\t\t\t\t\t\t\t\t<li class=\"elementor-icon-list-item\">\n\t\t\t\t\t\t\t\t\t\t\t<a href=\"mailto:contato@xanxere.cdl-sc.org.br\">\n\n\t\t\t\t\t\t\t\t\t\t\t\t<span class=\"elementor-icon-list-icon\">\n\t\t\t\t\t\t\t<svg xmlns=\"http:\/\/www.w3.org\/2000\/svg\" id=\"Camada_2\" data-name=\"Camada 2\" viewBox=\"0 0 23.25 15.55\"><defs><style>      .cls-1 {        fill: #fff;      }    <\/style><\/defs><g id=\"Camada_1-2\" data-name=\"Camada 1\"><g><path class=\"cls-1\" d=\"m22.89,15.55H.36C.16,15.55,0,15.39,0,15.19V.36C0,.16.16,0,.36,0h22.52c.2,0,.36.16.36.36v14.82c0,.2-.16.36-.36.36ZM.73,14.82h21.79V.73H.73v14.09Z\"><\/path><path class=\"cls-1\" d=\"m11.62,10.99c-.09,0-.18-.03-.25-.1L.12.63C0,.53-.03.37.02.23c.05-.14.19-.23.34-.23h22.52c.15,0,.29.09.34.23.05.14.02.3-.09.4l-11.26,10.26c-.07.06-.16.1-.25.1ZM1.31.73l10.32,9.4L21.94.73H1.31Z\"><\/path><path class=\"cls-1\" d=\"m22.89,15.55H.36c-.16,0-.3-.1-.35-.25-.05-.15,0-.31.13-.41l8.92-6.69c.16-.12.39-.09.51.07.12.16.09.39-.07.51L1.46,14.82h20.33l-7.95-5.96c-.16-.12-.19-.35-.07-.51.12-.16.35-.19.51-.07l8.82,6.62c.13.09.18.26.13.41-.05.15-.19.25-.35.25Z\"><\/path><\/g><\/g><\/svg>\t\t\t\t\t\t<\/span>\n\t\t\t\t\t\t\t\t\t\t<span class=\"elementor-icon-list-text\">atendimento@xanxere.cdl-sc.org.br<\/span>\n\t\t\t\t\t\t\t\t\t\t\t<\/a>\n\t\t\t\t\t\t\t\t\t<\/li>\n\t\t\t\t\t\t<\/ul>\n\t\t\t\t<\/div>\n\t\t\t\t<\/div>\n\t\t\t\t<\/div>\n\t\t\t\t\t<\/div>\n\t\t\t\t<\/div>\n\t\t\t\t<\/div>\n\t\t","protected":false},"excerpt":{"rendered":"<p>C\u00e2maras Setoriais As C\u00e2maras Setoriais (ou N\u00facleos) s\u00e3o \u00f3rg\u00e3os complementares das CDLs compostos por associados com interesses convergentes (regi\u00e3o, afinidade e segmento), dando-lhes condi\u00e7\u00f5es para que, no \u00e2mbito de suas aptid\u00f5es e necessidades comuns, realizem a\u00e7\u00f5es conjuntas e voltadas para o fortalecimento da atividade empresarial e o atendimento das necessidades que os unem. Contato Rua [&hellip;]<\/p>\n","protected":false},"author":280,"featured_media":0,"parent":0,"menu_order":0,"comment_status":"closed","ping_status":"closed","template":"","meta":{"_joinchat":[],"footnotes":""},"class_list":["post-432","page","type-page","status-publish","hentry"],"acf":[],"_links":{"self":[{"href":"https:\/\/xanxere.cdl-sc.org.br\/index.php?rest_route=\/wp\/v2\/pages\/432","targetHints":{"allow":["GET"]}}],"collection":[{"href":"https:\/\/xanxere.cdl-sc.org.br\/index.php?rest_route=\/wp\/v2\/pages"}],"about":[{"href":"https:\/\/xanxere.cdl-sc.org.br\/index.php?rest_route=\/wp\/v2\/types\/page"}],"author":[{"embeddable":true,"href":"https:\/\/xanxere.cdl-sc.org.br\/index.php?rest_route=\/wp\/v2\/users\/280"}],"replies":[{"embeddable":true,"href":"https:\/\/xanxere.cdl-sc.org.br\/index.php?rest_route=%2Fwp%2Fv2%2Fcomments&post=432"}],"version-history":[{"count":73,"href":"https:\/\/xanxere.cdl-sc.org.br\/index.php?rest_route=\/wp\/v2\/pages\/432\/revisions"}],"predecessor-version":[{"id":154525,"href":"https:\/\/xanxere.cdl-sc.org.br\/index.php?rest_route=\/wp\/v2\/pages\/432\/revisions\/154525"}],"wp:attachment":[{"href":"https:\/\/xanxere.cdl-sc.org.br\/index.php?rest_route=%2Fwp%2Fv2%2Fmedia&parent=432"}],"curies":[{"name":"wp","href":"https:\/\/api.w.org\/{rel}","templated":true}]}}