{"id":435,"date":"2023-11-22T08:55:18","date_gmt":"2023-11-22T11:55:18","guid":{"rendered":"https:\/\/xanxere.cdl-sc.org.br\/?page_id=435"},"modified":"2024-11-04T10:18:42","modified_gmt":"2024-11-04T13:18:42","slug":"cdl-jovem","status":"publish","type":"page","link":"https:\/\/xanxere.cdl-sc.org.br\/?page_id=435","title":{"rendered":"CDL Jovem"},"content":{"rendered":"\t\t<div data-elementor-type=\"wp-page\" data-elementor-id=\"435\" class=\"elementor elementor-435\" data-elementor-post-type=\"page\">\n\t\t\t\t<div class=\"elementor-element elementor-element-1376cce e-flex e-con-boxed e-con e-parent\" data-id=\"1376cce\" data-element_type=\"container\" data-settings=\"{&quot;background_background&quot;:&quot;gradient&quot;}\">\n\t\t\t\t\t<div class=\"e-con-inner\">\n\t\t\t\t<div class=\"elementor-element elementor-element-1e4e7eb elementor-widget elementor-widget-heading\" data-id=\"1e4e7eb\" data-element_type=\"widget\" data-widget_type=\"heading.default\">\n\t\t\t\t<div class=\"elementor-widget-container\">\n\t\t\t<style>\/*! elementor - v3.23.0 - 05-08-2024 *\/\n.elementor-heading-title{padding:0;margin:0;line-height:1}.elementor-widget-heading .elementor-heading-title[class*=elementor-size-]>a{color:inherit;font-size:inherit;line-height:inherit}.elementor-widget-heading .elementor-heading-title.elementor-size-small{font-size:15px}.elementor-widget-heading .elementor-heading-title.elementor-size-medium{font-size:19px}.elementor-widget-heading .elementor-heading-title.elementor-size-large{font-size:29px}.elementor-widget-heading .elementor-heading-title.elementor-size-xl{font-size:39px}.elementor-widget-heading .elementor-heading-title.elementor-size-xxl{font-size:59px}<\/style><h2 class=\"elementor-heading-title elementor-size-default\">CDL Jovem<\/h2>\t\t<\/div>\n\t\t\t\t<\/div>\n\t\t\t\t\t<\/div>\n\t\t\t\t<\/div>\n\t\t<div class=\"elementor-element elementor-element-f9955c5 e-con-full e-flex e-con e-parent\" data-id=\"f9955c5\" data-element_type=\"container\" data-settings=\"{&quot;background_background&quot;:&quot;classic&quot;}\">\n\t\t\t\t<\/div>\n\t\t<div class=\"elementor-element elementor-element-f945256 e-con-full e-flex e-con e-parent\" data-id=\"f945256\" data-element_type=\"container\">\n\t\t<div class=\"elementor-element elementor-element-0302149 e-con-full e-flex e-con e-child\" data-id=\"0302149\" data-element_type=\"container\">\n\t\t\t\t<div class=\"elementor-element elementor-element-4fe5736 elementor-widget__width-initial elementor-widget elementor-widget-heading\" data-id=\"4fe5736\" data-element_type=\"widget\" data-widget_type=\"heading.default\">\n\t\t\t\t<div class=\"elementor-widget-container\">\n\t\t\t<h2 class=\"elementor-heading-title elementor-size-default\">O perfil da CDL Jovem \u00e9 inovador. S\u00e3o 27 CDLs Jovem em Santa Catarina sob a Coordena\u00e7\u00e3o Estadual da FCDL\/SC. O objetivo \u00e9 desenvolver futuros l\u00edderes, difundindo o associativismo que move o Movimento Lojista.\n\nEntre as principais iniciativas das CDLs Jovem est\u00e3o o DLI \u2013 Dia Livre de Impostos, programa que alerta a sociedade para a alta carga tribut\u00e1ria incidente sobre o produto, palestras e encontros para a troca de experi\u00eancias.<\/h2>\t\t<\/div>\n\t\t\t\t<\/div>\n\t\t\t\t<\/div>\n\t\t<div class=\"elementor-element elementor-element-aed8adc e-con-full e-flex e-con e-child\" data-id=\"aed8adc\" data-element_type=\"container\">\n\t\t\t\t<div class=\"elementor-element elementor-element-8cca6ed elementor-widget elementor-widget-image\" data-id=\"8cca6ed\" data-element_type=\"widget\" data-widget_type=\"image.default\">\n\t\t\t\t<div class=\"elementor-widget-container\">\n\t\t\t<style>\/*! elementor - v3.23.0 - 05-08-2024 *\/\n.elementor-widget-image{text-align:center}.elementor-widget-image a{display:inline-block}.elementor-widget-image a img[src$=\".svg\"]{width:48px}.elementor-widget-image img{vertical-align:middle;display:inline-block}<\/style>\t\t\t\t\t\t\t\t\t\t<img fetchpriority=\"high\" decoding=\"async\" width=\"2000\" height=\"1334\" src=\"https:\/\/xanxere.cdl-sc.org.br\/wp-content\/uploads\/2024\/11\/shutterstock_2199431761-1.jpg\" class=\"attachment-full size-full wp-image-154527\" alt=\"\" srcset=\"https:\/\/xanxere.cdl-sc.org.br\/wp-content\/uploads\/2024\/11\/shutterstock_2199431761-1.jpg 2000w, https:\/\/xanxere.cdl-sc.org.br\/wp-content\/uploads\/2024\/11\/shutterstock_2199431761-1-300x200.jpg 300w, https:\/\/xanxere.cdl-sc.org.br\/wp-content\/uploads\/2024\/11\/shutterstock_2199431761-1-1024x683.jpg 1024w, https:\/\/xanxere.cdl-sc.org.br\/wp-content\/uploads\/2024\/11\/shutterstock_2199431761-1-768x512.jpg 768w, https:\/\/xanxere.cdl-sc.org.br\/wp-content\/uploads\/2024\/11\/shutterstock_2199431761-1-1536x1025.jpg 1536w\" sizes=\"(max-width: 2000px) 100vw, 2000px\" \/>\t\t\t\t\t\t\t\t\t\t\t\t\t<\/div>\n\t\t\t\t<\/div>\n\t\t\t\t<div class=\"elementor-element elementor-element-25a33e0 elementor-absolute elementor-widget elementor-widget-image\" data-id=\"25a33e0\" data-element_type=\"widget\" data-settings=\"{&quot;_position&quot;:&quot;absolute&quot;}\" data-widget_type=\"image.default\">\n\t\t\t\t<div class=\"elementor-widget-container\">\n\t\t\t\t\t\t\t\t\t\t\t\t\t<img decoding=\"async\" width=\"433\" height=\"1024\" src=\"https:\/\/xanxere.cdl-sc.org.br\/wp-content\/uploads\/2024\/11\/Ativo-4@4x-1-1-433x1024.png\" class=\"attachment-large size-large wp-image-154468\" alt=\"\" srcset=\"https:\/\/xanxere.cdl-sc.org.br\/wp-content\/uploads\/2024\/11\/Ativo-4@4x-1-1-433x1024.png 433w, https:\/\/xanxere.cdl-sc.org.br\/wp-content\/uploads\/2024\/11\/Ativo-4@4x-1-1-127x300.png 127w, https:\/\/xanxere.cdl-sc.org.br\/wp-content\/uploads\/2024\/11\/Ativo-4@4x-1-1-768x1815.png 768w, https:\/\/xanxere.cdl-sc.org.br\/wp-content\/uploads\/2024\/11\/Ativo-4@4x-1-1-650x1536.png 650w, https:\/\/xanxere.cdl-sc.org.br\/wp-content\/uploads\/2024\/11\/Ativo-4@4x-1-1-866x2048.png 866w, https:\/\/xanxere.cdl-sc.org.br\/wp-content\/uploads\/2024\/11\/Ativo-4@4x-1-1.png 1705w\" sizes=\"(max-width: 433px) 100vw, 433px\" \/>\t\t\t\t\t\t\t\t\t\t\t\t\t<\/div>\n\t\t\t\t<\/div>\n\t\t\t\t<\/div>\n\t\t\t\t<\/div>\n\t\t\t\t<\/div>\n\t\t","protected":false},"excerpt":{"rendered":"<p>CDL Jovem O perfil da CDL Jovem \u00e9 inovador. S\u00e3o 27 CDLs Jovem em Santa Catarina sob a Coordena\u00e7\u00e3o Estadual da FCDL\/SC. O objetivo \u00e9 desenvolver futuros l\u00edderes, difundindo o associativismo que move o Movimento Lojista. Entre as principais iniciativas das CDLs Jovem est\u00e3o o DLI \u2013 Dia Livre de Impostos, programa que alerta a [&hellip;]<\/p>\n","protected":false},"author":280,"featured_media":0,"parent":0,"menu_order":0,"comment_status":"closed","ping_status":"closed","template":"elementor_header_footer","meta":{"_joinchat":[],"footnotes":""},"class_list":["post-435","page","type-page","status-publish","hentry"],"acf":[],"_links":{"self":[{"href":"https:\/\/xanxere.cdl-sc.org.br\/index.php?rest_route=\/wp\/v2\/pages\/435","targetHints":{"allow":["GET"]}}],"collection":[{"href":"https:\/\/xanxere.cdl-sc.org.br\/index.php?rest_route=\/wp\/v2\/pages"}],"about":[{"href":"https:\/\/xanxere.cdl-sc.org.br\/index.php?rest_route=\/wp\/v2\/types\/page"}],"author":[{"embeddable":true,"href":"https:\/\/xanxere.cdl-sc.org.br\/index.php?rest_route=\/wp\/v2\/users\/280"}],"replies":[{"embeddable":true,"href":"https:\/\/xanxere.cdl-sc.org.br\/index.php?rest_route=%2Fwp%2Fv2%2Fcomments&post=435"}],"version-history":[{"count":175,"href":"https:\/\/xanxere.cdl-sc.org.br\/index.php?rest_route=\/wp\/v2\/pages\/435\/revisions"}],"predecessor-version":[{"id":154530,"href":"https:\/\/xanxere.cdl-sc.org.br\/index.php?rest_route=\/wp\/v2\/pages\/435\/revisions\/154530"}],"wp:attachment":[{"href":"https:\/\/xanxere.cdl-sc.org.br\/index.php?rest_route=%2Fwp%2Fv2%2Fmedia&parent=435"}],"curies":[{"name":"wp","href":"https:\/\/api.w.org\/{rel}","templated":true}]}}