{"id":468,"date":"2023-11-22T09:00:03","date_gmt":"2023-11-22T12:00:03","guid":{"rendered":"https:\/\/xanxere.cdl-sc.org.br\/?page_id=468"},"modified":"2024-08-26T14:27:19","modified_gmt":"2024-08-26T17:27:19","slug":"eventos","status":"publish","type":"page","link":"https:\/\/xanxere.cdl-sc.org.br\/?page_id=468","title":{"rendered":"Agenda"},"content":{"rendered":"\t\t<div data-elementor-type=\"wp-page\" data-elementor-id=\"468\" class=\"elementor elementor-468\" data-elementor-post-type=\"page\">\n\t\t\t\t<div class=\"elementor-element elementor-element-0574e3e e-flex e-con-boxed e-con e-parent\" data-id=\"0574e3e\" data-element_type=\"container\">\n\t\t\t\t\t<div class=\"e-con-inner\">\n\t\t\t\t<div class=\"elementor-element elementor-element-a4c30dc elementor-absolute e-transform elementor-hidden-mobile elementor-hidden-tablet elementor-widget elementor-widget-image\" data-id=\"a4c30dc\" data-element_type=\"widget\" data-settings=\"{&quot;_position&quot;:&quot;absolute&quot;,&quot;_transform_rotateZ_effect&quot;:{&quot;unit&quot;:&quot;px&quot;,&quot;size&quot;:-28,&quot;sizes&quot;:[]},&quot;_transform_rotateZ_effect_tablet&quot;:{&quot;unit&quot;:&quot;deg&quot;,&quot;size&quot;:&quot;&quot;,&quot;sizes&quot;:[]},&quot;_transform_rotateZ_effect_mobile&quot;:{&quot;unit&quot;:&quot;deg&quot;,&quot;size&quot;:&quot;&quot;,&quot;sizes&quot;:[]}}\" data-widget_type=\"image.default\">\n\t\t\t\t<div class=\"elementor-widget-container\">\n\t\t\t<style>\/*! elementor - v3.23.0 - 05-08-2024 *\/\n.elementor-widget-image{text-align:center}.elementor-widget-image a{display:inline-block}.elementor-widget-image a img[src$=\".svg\"]{width:48px}.elementor-widget-image img{vertical-align:middle;display:inline-block}<\/style>\t\t\t\t\t\t\t\t\t\t<img decoding=\"async\" src=\"https:\/\/xanxere.cdl-sc.org.br\/wp-content\/uploads\/2023\/12\/Ativo-4@4x-1.png\" title=\"\" alt=\"\" loading=\"lazy\" \/>\t\t\t\t\t\t\t\t\t\t\t\t\t<\/div>\n\t\t\t\t<\/div>\n\t\t\t\t\t<\/div>\n\t\t\t\t<\/div>\n\t\t<div class=\"elementor-element elementor-element-ff26abe e-flex e-con-boxed e-con e-parent\" data-id=\"ff26abe\" data-element_type=\"container\" data-settings=\"{&quot;background_background&quot;:&quot;gradient&quot;}\">\n\t\t\t\t\t<div class=\"e-con-inner\">\n\t\t\t\t<div class=\"elementor-element elementor-element-d150bfb elementor-widget elementor-widget-heading\" data-id=\"d150bfb\" data-element_type=\"widget\" data-widget_type=\"heading.default\">\n\t\t\t\t<div class=\"elementor-widget-container\">\n\t\t\t<style>\/*! elementor - v3.23.0 - 05-08-2024 *\/\n.elementor-heading-title{padding:0;margin:0;line-height:1}.elementor-widget-heading .elementor-heading-title[class*=elementor-size-]>a{color:inherit;font-size:inherit;line-height:inherit}.elementor-widget-heading .elementor-heading-title.elementor-size-small{font-size:15px}.elementor-widget-heading .elementor-heading-title.elementor-size-medium{font-size:19px}.elementor-widget-heading .elementor-heading-title.elementor-size-large{font-size:29px}.elementor-widget-heading .elementor-heading-title.elementor-size-xl{font-size:39px}.elementor-widget-heading .elementor-heading-title.elementor-size-xxl{font-size:59px}<\/style><h2 class=\"elementor-heading-title elementor-size-default\">Calend\u00e1rio<\/h2>\t\t<\/div>\n\t\t\t\t<\/div>\n\t\t\t\t\t<\/div>\n\t\t\t\t<\/div>\n\t\t<div class=\"elementor-element elementor-element-b2757f6 e-flex e-con-boxed e-con e-parent\" data-id=\"b2757f6\" data-element_type=\"container\">\n\t\t\t\t\t<div class=\"e-con-inner\">\n\t\t<div class=\"elementor-element elementor-element-88c9a53 e-flex e-con-boxed e-con e-child\" data-id=\"88c9a53\" data-element_type=\"container\">\n\t\t\t\t\t<div class=\"e-con-inner\">\n\t\t\t\t<div class=\"elementor-element elementor-element-a38c53d jet-smart-filter-content-position-line elementor-widget elementor-widget-jet-smart-filters-search\" data-id=\"a38c53d\" data-element_type=\"widget\" id=\"searchEvento\" data-widget_type=\"jet-smart-filters-search.default\">\n\t\t\t\t<div class=\"elementor-widget-container\">\n\t\t\t<div class=\"jet-smart-filters-search jet-filter\"><div class=\"jet-search-filter button-icon-position-left\" data-query-type=\"_s\" data-query-var=\"query\" data-smart-filter=\"search\" data-filter-id=\"6724\" data-apply-type=\"ajax-reload\" data-content-provider=\"\" data-additional-providers=\"\" data-query-id=\"eventos\" data-active-label=\"\" data-layout-options=\"{&quot;show_label&quot;:&quot;&quot;,&quot;display_options&quot;:[]}\" data-query-var-suffix=\"search\">\n\t<div class=\"jet-search-filter__input-wrapper\">\n\t\t<input\n\t\t\tclass=\"jet-search-filter__input\"\n\t\t\ttype=\"search\"\n\t\t\tautocomplete=\"off\"\n\t\t\tname=\"query\"\n\t\t\tvalue=\"\"\n\t\t\tplaceholder=\"Pesquisar...\"\n\t\t\taria-label=\"Pesquisa Eventos\"\n\t\t\t\t\t>\n\t\t\t<\/div>\n\t\t\t<button\n\t\t\ttype=\"button\"\n\t\t\tclass=\"jet-search-filter__submit apply-filters__button\"\n\t\t\t\t\t>\n\t\t\t<i class=\"fa fa-search\"><\/i>\t\t\t<span class=\"jet-search-filter__submit-text\"><\/span>\n\t\t\t\t\t<\/button>\n\t<\/div>\n<\/div>\t\t<\/div>\n\t\t\t\t<\/div>\n\t\t\t\t<div class=\"elementor-element elementor-element-e43b258 elementor-widget elementor-widget-shortcode\" data-id=\"e43b258\" data-element_type=\"widget\" data-widget_type=\"shortcode.default\">\n\t\t\t\t<div class=\"elementor-widget-container\">\n\t\t\t\t\t<div class=\"elementor-shortcode\">\n\t <script>\n        window.addEventListener(\"DOMContentLoaded\", () => {\n\t\t\n        var inputSearch = document.querySelector(\"#searchEvento input\");\n        var divMes = document.querySelectorAll(\".mes-title\");\n        var divEventMes = document.querySelectorAll(\".mes-eventos\");\n\t\t\n        var dadosAgenda = {};\n\n        function saveDatas() {\n\n            \/\/ Iterar sobre cada div com a classe .mes-title\n            divMes.forEach(function (mesTitle, index) {\n                \/\/ Obter o texto do h2 dentro desta div\n                var chave = mesTitle.querySelector(\"h2\").textContent;\n\n                \/\/ Obter todos os filhos da div .mes-eventos com a classe .containerAgenda usando o \u00edndice\n                var containerAgendaFilhos = Array.from(divEventMes[index].getElementsByClassName(\"containerAgenda\"));\n\n                \/\/ Mapear os filhos para obter o HTML de cada um\n                var valor = containerAgendaFilhos.map(function (filho) {\n                    return filho.outerHTML; \/\/ ou innerHTML, dependendo do que voc\u00ea precisa\n                });\n\n                \/\/ Armazenar no objeto dadosAgenda\n                dadosAgenda[chave] = valor;\n\n                \/\/ Armazenar no objeto dadosAgenda\n                dadosAgenda[chave] = valor;\n            });\n\n            \n        }\n        saveDatas()\n\n        function analisarDatas() {\n\t\t  let termoBusca = inputSearch.value.toLowerCase();\n\t\t  let divNavigationSelect = document.querySelector(\".divNavigation\")\n\t\t  let mesTitles = document.querySelectorAll(\".mes-title\");\n\t\t\tlet mesEventos = document.querySelectorAll(\".mes-eventos\");\n\t\t\tmesEventos.forEach((ele, i) => {\n\t\t\t\tele.classList.add(\"ativo\");\n\t\t\t\tmesTitles[i].classList.remove(\"ativo\");\n\t\t\t})\n\t\t\tdivNavigationSelect.style.display = \"none\"\n\t\t  \/\/ Criar um novo objeto para armazenar os resultados correspondentes\n\t\t  var eventosCorrespondentes = {};\n\n\t\t  \/\/ Iterar sobre cada m\u00eas no objeto dadosAgenda\n\t\t  for (var mes in dadosAgenda) {\n\t\t\t\/\/ Filtrar os eventos do m\u00eas atual que correspondem ao termo de busca\n\t\t\tvar eventosFiltrados = dadosAgenda[mes].filter(function (evento) {\n\t\t\t  return evento.toLowerCase().includes(termoBusca);\n\t\t\t});\n\n\t\t\t\/\/ Verificar se h\u00e1 eventos correspondentes\n\t\t\tif (eventosFiltrados.length > 0) {\n\t\t\t  eventosCorrespondentes[mes] = eventosFiltrados;\n\t\t\t}\n\t\t  }\n\n\t\t  \/\/ Verificar se algum evento correspondente foi encontrado\n\t\t  if (Object.keys(eventosCorrespondentes).length > 0) {\n\t\t  \tdivMes.forEach((mes, i) => {\n\t\t\tmes.style.display = \"block\"\n\t\t\t\tif(eventosCorrespondentes.hasOwnProperty(mes.innerText)){\n\t\t\t\t\tdivEventMes[i].innerHTML = \"\";\n\t\t\t\t\teventosCorrespondentes[mes.innerText].forEach((ele) => {\n\t\t\t\t\t\tdivEventMes[i].innerHTML += ele;\n\t\t\t\t\t})\n\t\t\t\t} else {\n\t\t\t\t\tdivEventMes[i].innerHTML = \"\";\n\t\t\t\t\tmes.style.display = \"none\"\n\t\t\t\t}\n\t\t\t})\n\t\t\t\n\t\t  } else {\n\t\t\t \n\t\t\tdivMes.forEach((mes, i) => {\n\t\t\t\tdadosAgenda[mes.innerText].forEach((ele) => {\n\t\t\t\t\t\tdivEventMes[i].innerHTML = \"\";\n\t\t\t\t\t})\n\t\t\t})\n\t\t  }\n\t\t  if(termoBusca.length == 0){\n\t\t  divNavigationSelect.style.display = \"flex\"\n\t\t\t\tvarificadorMesTitle()\n\t\t\t\tmesTitles.forEach((ele, i) => {\n\t\t\t\t\tele.style.display = \"none\"\n\t\t\t\t})\n\t\t\t}\n\t\t}\n\n        \/\/ Adicionar o ouvinte de evento ao input\n        inputSearch.addEventListener(\"input\", analisarDatas);\n\t\tlet mesTitles = document.querySelectorAll(\".mes-title\");\n\t\t\tlet mesEventos = document.querySelectorAll(\".mes-eventos\");\n\t\t\tlet footerMensage = document.querySelector(\"#footerMensage\")\n\t\t\t\n\t\t\tlet indiCation = 2;\n\t\t\tmaxIndication = Math.ceil(mesTitles.length \/ 2);\n\t\t\t\n\t\t\tlet divNavigation = document.createElement(\"div\");\n\t\t\tdivNavigation.className = \"divNavigation\"\n\t\t\t\n\t\t\tfor(i = 1; i <= maxIndication; i++ ){\n\t\t\t\tlet contador = i;\n\t\t\t\t\n\t\t\t\tconst divContador = document.createElement(\"div\");\n\t\t\t\tdivContador.innerHTML = `<p class=\"navigator ${i === 1 ? \"ativo\" : \"\"}\">${i}<\/p>`;\n\t\t\t\tdivContador.addEventListener(\"click\", () => {\n\t\t\t\t\tdocument.querySelectorAll(\".navigator\").forEach((ele) => {\n\t\t\t\t\t\tele.classList.remove(\"ativo\")\n\t\t\t\t\t})\n\t\t\t\t\tdivContador.querySelector(\"p\").classList.add(\"ativo\");\n\t\t\t\t\tlet valor = indiCation * contador;\n\t\t\t\t\tconsole.log(valor, contador)\n\t\t\t\t\tvarificadorMesTitle(valor)\n\t\t\t\t\twindow.scroll({\n\t\t\t\t\t\ttop: 0,\n\t\t\t\t\t\tleft: 0,\n\t\t\t\t\t\tbehavior: \"smooth\"\n\t\t\t\t\t});\n\t\t\t\t})\n\t\t\t\tdivNavigation.appendChild(divContador);\n\t\t\t}\n\t\t\tfooterMensage.appendChild(divNavigation);\n\n\t\t\tfunction varificadorMesTitle(valor = null){\n\t\t\t\tconsole.log(valor)\n\t\t\t\tmesTitles.forEach((ele, i) => {\n\t\t\t\t\tele.classList.remove(\"ativo\");\n\t\t\t\t\tmesEventos[i].classList.remove(\"ativo\");\n\t\t\t\t\tlet index = i + 1;\n\t\t\t\t\tlet indicationSub = (valor !== null ? valor : indiCation) - 1;\n\t\t\t\t\tconsole.log(indicationSub)\n\t\t\t\t\tif(index === indicationSub || index === (valor !== null ? valor : indiCation)){\n\t\t\t\t\t\tele.classList.add(\"ativo\");\n\t\t\t\t\t\tmesEventos[i].classList.add(\"ativo\");\n\t\t\t\t\t}\n\t\t\t\t})\n\t\t\t}\n\t\t\tvarificadorMesTitle()\n\t\t\n        })\n\n    <\/script>\n\t<script>\n\t\t\n\t\t\/\/ Cria\u00e7\u00e3o dos elementos\n\t\tlet containerAgenda = document.createElement(\"div\");\n\t\tcontainerAgenda.className = \"containerAgenda containerAgendaTitle\";\n\n\t\tlet dataDiv = document.createElement(\"div\");\n\t\tdataDiv.className = \"dataDiv\";\n\n\t\tlet data = document.createElement(\"div\");\n\t\tdata.className = \"data\";\n\n\t\tlet diaSemana = document.createElement(\"div\");\n\t\tdiaSemana.className = \"diaSemana\";\n\t\tlet diaSemanaText = document.createElement(\"p\");\n\t\tdiaSemanaText.innerText = \"Data\";\n\t\tdiaSemana.appendChild(diaSemanaText);\n\n\t\tdata.appendChild(diaSemana);\n\n\t\tlet conteudo = document.createElement(\"div\");\n\t\tconteudo.className = \"conteudo\";\n\n\t\tlet title = document.createElement(\"div\");\n\t\ttitle.className = \"title\";\n\t\tlet titleText = document.createElement(\"h2\");\n\t\ttitleText.innerText = \"Evento\";\n\t\ttitle.appendChild(titleText);\n\n\t\tlet descri = document.createElement(\"div\");\n\t\tdescri.className = \"descri\";\n\t\tlet descriText = document.createElement(\"p\");\n\t\tdescriText.innerText = \"Local\";\n\t\tdescri.appendChild(descriText);\n\n\t\tlet hora = document.createElement(\"div\");\n\t\thora.className = \"hora\";\n\t\t\/\/hora.style.visibility = \"hidden\";\n\t\tlet button = document.createElement(\"button\");\n\n\t\t\/\/ Aninhando os elementos\n\t\tcontainerAgenda.appendChild(dataDiv);\n\t\tdataDiv.appendChild(data);\n\t\tcontainerAgenda.appendChild(conteudo);\n\t\tconteudo.appendChild(title);\n\t\tconteudo.appendChild(descri);\n\t\tconteudo.appendChild(hora);\n\t\thora.appendChild(button);\n\n\n\t\tsetTimeout(() => {\n\t\tlet mesEventosDescri = document.querySelectorAll(\".mes-eventos\");\n\t\tmesEventosDescri.forEach((mesEvento) => {\n      \n        mesEvento.insertBefore(containerAgenda.cloneNode(true), mesEvento.firstChild);\n    });\n\t}, 2000);\n\t<\/script>\n\n\t\n\t<style>\n\t\t.ativo{\n\t\t\tdisplay: block !important;\n\t\t}\n\t\t.divNavigation{\n\t\t\tcursor: pointer;\n\t\t\tdisplay: flex;\n\t\t\tgap: 5px;\n\t\t\tjustify-content: center;\n\t\t\tpadding: 40px 0;\n\t\t}\n\t\t.navigator{\n\t\t    padding: 7px 15px;\n\t\t\tbackground-color: #D4D6E3;\n\t\t\tcolor: #fff;\n\t\t\tborder-radius: 100%;\n\t\t}\n\t\t.navigator.ativo{\n\t\t\tbackground-color: #244494;\n\t\t}\n\t\t.mes-title, .mes-eventos{\n\t\t\tdisplay: none;\n\t\t}\n        .mes-title{\n            margin: 50px 0 15px 50px;\n        }\n        .mes-eventos .containerAgenda:nth-child(2) .dataDiv {\n            border-top-left-radius: 30px;            \n        }\n\t\t.mes-eventos .containerAgenda:first-child .dataDiv {\n            border-top-left-radius: 30px;            \n        }\n\t\t.mes-eventos .containerAgenda:nth-child(2) .descri {        \n\t\t\tborder-top-right-radius: 30px;\n        }\n\t\t.mes-eventos .containerAgenda:first-child .descri {\n            border-top-right-radius: 30px;            \n        }\n        .mes-eventos .containerAgenda:last-child .dataDiv {\n            border-bottom-left-radius: 30px;\n        }\n\t\t.mes-eventos .containerAgenda:last-child .descri {        \n\t\t\tborder-bottom-right-radius: 30px;\n        }\n        .containerAgenda{\n            font-family: \"Maven Pro\", Sans-serif;\n            display: flex;\n            margin-bottom: 5px;\n        }\n        .dataDiv{\n            color: #fff;\n            background-color: #99CC33;\n            width: 25%;\n            display: flex;\n            align-items: center;\n                padding: 10px 50px;\n        }\n        .dataDiv h2 {\n\t\t\tcolor: #fff;\n\t\t\tmargin: 0;\n\t\t\tfont-size: 24px;\n\t\t\tfont-weight: 300;\n\t\t\ttext-align: center;\n\t\t}\n        .dataDiv p {\n\t\t\tfont-size: 24px;\n\t\t\tfont-weight: 300;\n\t\t\ttext-transform: capitalize;\n\t\t\tmargin: 0;\n\t\t}\n        .conteudo{\n            \n            width: 75%;\n            display: flex;\n            justify-content: space-between;\n            align-items: center;\n        }\n        .title{\n\t\t\tbackground-color: #F6F6F6;\n            width: 60%;\n\t\t\tpadding: 20px\n        }\n        .conteudo h2{\n            margin: 0;\n            font-size: 22px;\n            font-weight: 400;\n            color: #244494;\n        } \n        .descri{\n                background-color: #D5D5D5;\n\t\t\t\twidth: 40%;\n\t\t\t\theight: 100%;\n\t\t\t\tdisplay: flex;\n\t\t\t\talign-items: center;\n        }\n        .descri::-webkit-scrollbar {\n            width: 0.5em; \n            border-radius: 8px;\n        }\n\n        .descri::-webkit-scrollbar-thumb {\n            background-color: #244494; \n            border-radius: 8px;\n            \n        }\n\n        .descri::-webkit-scrollbar-track {\n            \n            background-color: #fff; \/* Cor da \"trilha\" da barra de rolagem *\/\n        }\n        .conteudo p{\n            margin: 0;\n            padding: 10px 20px;\n            color: #244494;\n            font-size: 18px;\n            font-weight: 500;\n        }\n        .hora {\n            padding: 5px;\n            background-color: #244494;\n            width: 10%;\n            border-radius: 15px;\n            display: none;\n            justify-content: center;\n        }\n        .conteudo button{\n            border: none;\n            color: #ffffff;\n            font-size: 16px;\n            font-weight: 700;\n        }\n\t\t.data{\n\t\t\t    display: flex;\n\t\t\t\talign-items: center;\n\t\t\t\tgap: 5px;\n\t\t}\n\t\t.divMesEventoDescri{\n\t\t\tdisplay: flex;\n\t\t\twidth: 100%;\n\t\t\tjustify-content: space-between;\n\t\t}\n\t\t.containerAgendaTitle .dataDiv , .containerAgendaTitle .title, .containerAgendaTitle .descri{\n\t\t\tbackground-color: #fff !important;\n\t\t}\n\t\t.containerAgendaTitle p, .containerAgendaTitle h2{\n\t\t\tcolor: #244494;\n\t\t\tfont-weight: 600;\n\t\t\tfont-size: 22px;\n\t\t}\n        @media(max-width:700px){\n            .mes-eventos .containerAgenda:nth-child(2) .dataDiv {\n                border-radius: 30px 30px 0px 0px;\n            }\n\t\t\t.mes-eventos .containerAgenda:nth-child(2) .descri {        \n\t\t\t\tborder-top-right-radius: 0px;\n\t\t\t}\n            .mes-eventos .containerAgenda:last-child .dataDiv {\n\t\t\t\tborder-bottom-left-radius: 0px;\n\t\t\t}\n\t\t\t.mes-eventos .containerAgenda:last-child .descri {        \n\t\t\t\tborder-bottom-right-radius: 0px;\n\t\t\t}\n            .containerAgenda{\n                flex-direction: column;\n                height: 100%;\n                margin-bottom: 10px;\n            }\n            .dataDiv {\n                width: 100%;\n\t\t\t\tjustify-content: center;\n            }\n            .conteudo{\n                width: 100%;\n                flex-direction: column;\n            }\n            .title{\n                width: 100%;\n            }\n            .title h2{\n                text-align: center;\n            }\n            .descri{\n                width: 100%;\n            }\n            .hora{\n                width: 80px;\n                width: 80px;\n                margin-bottom: 15px;\n\n            }\n\t\t\t.containerAgendaTitle{\n\t\t\t\tdisplay: none;\n\t\t\t}\n    \n        }\n    <\/style><p>Nenhum evento encontrado.<\/p><\/div>\n\t\t\t\t<\/div>\n\t\t\t\t<\/div>\n\t\t\t\t\t<\/div>\n\t\t\t\t<\/div>\n\t\t\t\t\t<\/div>\n\t\t\t\t<\/div>\n\t\t<div class=\"elementor-element elementor-element-83af845 e-flex e-con-boxed e-con e-parent\" data-id=\"83af845\" data-element_type=\"container\" id=\"footerMensage\">\n\t\t\t\t\t<div class=\"e-con-inner\">\n\t\t\t\t<div class=\"elementor-element elementor-element-39aee1c elementor-widget elementor-widget-heading\" data-id=\"39aee1c\" data-element_type=\"widget\" data-widget_type=\"heading.default\">\n\t\t\t\t<div class=\"elementor-widget-container\">\n\t\t\t<h5 class=\"elementor-heading-title elementor-size-default\">*As datas, eventos e locais podem sofrer altera\u00e7\u00f5es sem aviso pr\u00e9vio.<\/h5>\t\t<\/div>\n\t\t\t\t<\/div>\n\t\t\t\t\t<\/div>\n\t\t\t\t<\/div>\n\t\t\t\t<\/div>\n\t\t","protected":false},"excerpt":{"rendered":"<p>Calend\u00e1rio *As datas, eventos e locais podem sofrer altera\u00e7\u00f5es sem aviso pr\u00e9vio.<\/p>\n","protected":false},"author":280,"featured_media":0,"parent":0,"menu_order":0,"comment_status":"closed","ping_status":"closed","template":"","meta":{"_joinchat":[],"footnotes":""},"class_list":["post-468","page","type-page","status-publish","hentry"],"acf":[],"_links":{"self":[{"href":"https:\/\/xanxere.cdl-sc.org.br\/index.php?rest_route=\/wp\/v2\/pages\/468","targetHints":{"allow":["GET"]}}],"collection":[{"href":"https:\/\/xanxere.cdl-sc.org.br\/index.php?rest_route=\/wp\/v2\/pages"}],"about":[{"href":"https:\/\/xanxere.cdl-sc.org.br\/index.php?rest_route=\/wp\/v2\/types\/page"}],"author":[{"embeddable":true,"href":"https:\/\/xanxere.cdl-sc.org.br\/index.php?rest_route=\/wp\/v2\/users\/280"}],"replies":[{"embeddable":true,"href":"https:\/\/xanxere.cdl-sc.org.br\/index.php?rest_route=%2Fwp%2Fv2%2Fcomments&post=468"}],"version-history":[{"count":82,"href":"https:\/\/xanxere.cdl-sc.org.br\/index.php?rest_route=\/wp\/v2\/pages\/468\/revisions"}],"predecessor-version":[{"id":153755,"href":"https:\/\/xanxere.cdl-sc.org.br\/index.php?rest_route=\/wp\/v2\/pages\/468\/revisions\/153755"}],"wp:attachment":[{"href":"https:\/\/xanxere.cdl-sc.org.br\/index.php?rest_route=%2Fwp%2Fv2%2Fmedia&parent=468"}],"curies":[{"name":"wp","href":"https:\/\/api.w.org\/{rel}","templated":true}]}}